{"id":51,"date":"2024-08-02T08:57:52","date_gmt":"2024-08-02T08:57:52","guid":{"rendered":"https:\/\/annakrysztofiak.pl\/?page_id=51"},"modified":"2025-10-29T11:00:02","modified_gmt":"2025-10-29T11:00:02","slug":"oferta","status":"publish","type":"page","link":"https:\/\/annakrysztofiak.pl\/index.php\/oferta\/","title":{"rendered":"Oferta"},"content":{"rendered":"\n<p><strong>W ofercie artystki znajduj\u0105 si\u0119 koncerty muzyki azjatyckiej i dawnej, wykonywane na oryginalnych instrumentach etnicznych oraz rekonstrukcjach historycznych ze \u015bpiewem historycznym i tradycyjnym<\/strong>.<\/p>\n\n\n\n<ul class=\"wp-block-list\">\n<li>w programie dzia\u0142alno\u015bci instytucji kultury i nauki (filharmonie, muzea, uniwersytety)<\/li>\n\n\n\n<li>na festiwalach<\/li>\n\n\n\n<li> jako warsztaty stanowi\u0105ce uzupe\u0142nienie programu nauczania szkolnego i akademickiego (zw\u0142aszcza w szkolnictwie muzycznym)<\/li>\n\n\n\n<li>wsp\u00f3\u0142pracuj\u0105c przy realizacji grant\u00f3w i program\u00f3w edukacyjnych<\/li>\n\n\n\n<li>jako oprawa muzyczna wernisa\u017cy<\/li>\n\n\n\n<li>jako oprawa muzyczna konferencji<\/li>\n\n\n\n<li>na spotkaniach dyplomatycznych oraz okoliczno\u015bciowo<\/li>\n<\/ul>\n\n\n\n<p><strong>Instrumentarium chi\u0144skie obejmuje:<br><\/strong>cytr\u0119 guqin, cytr\u0119 guzheng, lutni\u0119 nanguan pip\u0119, flety qin xiao i dong<br>xiao, hulusi, bawu, erhu, zhonghu, yueqin, yehu i erxian,<\/p>\n\n\n\n<p><strong>Instrumentarium japo\u0144skie obejmuje:<br><\/strong>cytr\u0119 koto, cytry ichigenkin i yakumogoto, taishokoto, gekkin i shakuhachi,<\/p>\n\n\n\n<p><strong>Instrumentarium europejskie obejmuje:<\/strong><br>wirgina\u0142, clavisimbalum, klawesyn, klawikordy ( modele z XVI i XVII w.), lir\u0119 korbow\u0105, viol\u0119 da gamba, hummelchen, square piano Astor London (ok. 1795-1805 r.) oraz inne instrumenty d\u0119te<\/p>\n\n\n\n<p>Anna Krysztofiak wsp\u00f3\u0142pracuje z artystami muzykami zespo\u0142\u00f3w barokowych oraz z zespo\u0142em wokalnym,<\/p>\n\n\n\n<p>w repertuarze&nbsp; posiadamy muzyk\u0119 baroku misyjnego , muzyk\u0119 dawn\u0105 oraz szeroko poj\u0119t\u0105 &#8222;klasyk\u0119&#8221;.<\/p>\n\n\n\n<p>Przyk\u0142adowe realizacje:<\/p>\n\n\n\n<figure class=\"wp-block-embed is-type-video is-provider-youtube wp-block-embed-youtube wp-embed-aspect-16-9 wp-has-aspect-ratio\"><div class=\"wp-block-embed__wrapper\">\n<iframe loading=\"lazy\" title=\"Pagoda jezuicka na cesarskim dworze\" width=\"525\" height=\"295\" src=\"https:\/\/www.youtube.com\/embed\/ZP6810OKKeQ?feature=oembed\" frameborder=\"0\" allow=\"accelerometer; autoplay; clipboard-write; encrypted-media; gyroscope; picture-in-picture; web-share\" referrerpolicy=\"strict-origin-when-cross-origin\" allowfullscreen><\/iframe>\n<\/div><\/figure>\n\n\n\n<figure class=\"wp-block-embed is-type-video is-provider-youtube wp-block-embed-youtube wp-embed-aspect-16-9 wp-has-aspect-ratio\"><div class=\"wp-block-embed__wrapper\">\n<iframe loading=\"lazy\" title=\"&quot;Ojciec Boym w\u015br\u00f3d herbacianych p\u00f3l&quot;\" width=\"525\" height=\"295\" src=\"https:\/\/www.youtube.com\/embed\/HQ2PmrjSGEE?feature=oembed\" frameborder=\"0\" allow=\"accelerometer; autoplay; clipboard-write; encrypted-media; gyroscope; picture-in-picture; web-share\" referrerpolicy=\"strict-origin-when-cross-origin\" allowfullscreen><\/iframe>\n<\/div><\/figure>\n\n\n\n<figure class=\"wp-block-embed is-type-video is-provider-youtube wp-block-embed-youtube wp-embed-aspect-16-9 wp-has-aspect-ratio\"><div class=\"wp-block-embed__wrapper\">\n<iframe loading=\"lazy\" title=\"Brat Zeno. Z kurpiowskiej zagrody do japo\u0144skiego ogrodu  cz. 1\" width=\"525\" height=\"295\" src=\"https:\/\/www.youtube.com\/embed\/TTxe9EONsxs?feature=oembed\" frameborder=\"0\" allow=\"accelerometer; autoplay; clipboard-write; encrypted-media; gyroscope; picture-in-picture; web-share\" referrerpolicy=\"strict-origin-when-cross-origin\" allowfullscreen><\/iframe>\n<\/div><\/figure>\n\n\n\n<figure class=\"wp-block-embed is-type-video is-provider-youtube wp-block-embed-youtube wp-embed-aspect-16-9 wp-has-aspect-ratio\"><div class=\"wp-block-embed__wrapper\">\n<iframe loading=\"lazy\" title=\"Brat Zeno. Z kurpiowskiej zagrody do japo\u0144skiego ogrodu cz 2\" width=\"525\" height=\"295\" src=\"https:\/\/www.youtube.com\/embed\/985c3-tyaZY?feature=oembed\" frameborder=\"0\" allow=\"accelerometer; autoplay; clipboard-write; encrypted-media; gyroscope; picture-in-picture; web-share\" referrerpolicy=\"strict-origin-when-cross-origin\" allowfullscreen><\/iframe>\n<\/div><\/figure>\n\n\n\n<figure class=\"wp-block-embed is-type-video is-provider-youtube wp-block-embed-youtube wp-embed-aspect-16-9 wp-has-aspect-ratio\"><div class=\"wp-block-embed__wrapper\">\n<iframe loading=\"lazy\" title=\"Misterium muzyczne S\u0301w  Hildegarda w muzycznym ogrodzie 2021\" width=\"525\" height=\"295\" src=\"https:\/\/www.youtube.com\/embed\/hiR_mKS4F_0?feature=oembed\" frameborder=\"0\" allow=\"accelerometer; autoplay; clipboard-write; encrypted-media; gyroscope; picture-in-picture; web-share\" referrerpolicy=\"strict-origin-when-cross-origin\" allowfullscreen><\/iframe>\n<\/div><\/figure>\n\n\n\n<figure class=\"wp-block-embed is-type-video is-provider-youtube wp-block-embed-youtube wp-embed-aspect-16-9 wp-has-aspect-ratio\"><div class=\"wp-block-embed__wrapper\">\n<iframe loading=\"lazy\" title=\"Tea Garden\" width=\"525\" height=\"295\" src=\"https:\/\/www.youtube.com\/embed\/lEyvLS8o3TY?start=440&#038;feature=oembed\" frameborder=\"0\" allow=\"accelerometer; autoplay; clipboard-write; encrypted-media; gyroscope; picture-in-picture; web-share\" referrerpolicy=\"strict-origin-when-cross-origin\" allowfullscreen><\/iframe>\n<\/div><\/figure>\n\n\n\n<figure class=\"wp-block-embed is-type-video is-provider-youtube wp-block-embed-youtube wp-embed-aspect-16-9 wp-has-aspect-ratio\"><div class=\"wp-block-embed__wrapper\">\n<iframe loading=\"lazy\" title=\"Nanguan songs by Anna\" width=\"525\" height=\"295\" src=\"https:\/\/www.youtube.com\/embed\/HtnNMbt4nbg?feature=oembed\" frameborder=\"0\" allow=\"accelerometer; autoplay; clipboard-write; encrypted-media; gyroscope; picture-in-picture; web-share\" referrerpolicy=\"strict-origin-when-cross-origin\" allowfullscreen><\/iframe>\n<\/div><\/figure>\n","protected":false},"excerpt":{"rendered":"<p>W ofercie artystki znajduj\u0105 si\u0119 koncerty muzyki azjatyckiej i dawnej, wykonywane na oryginalnych instrumentach etnicznych oraz rekonstrukcjach historycznych ze \u015bpiewem historycznym i tradycyjnym. Instrumentarium chi\u0144skie obejmuje:cytr\u0119 guqin, cytr\u0119 guzheng, lutni\u0119 nanguan pip\u0119, flety qin xiao i dongxiao, hulusi, bawu, erhu, zhonghu, yueqin, yehu i erxian, Instrumentarium japo\u0144skie obejmuje:cytr\u0119 koto, cytry ichigenkin i yakumogoto, taishokoto, gekkin &hellip; <\/p>\n<p class=\"link-more\"><a href=\"https:\/\/annakrysztofiak.pl\/index.php\/oferta\/\" class=\"more-link\">Czytaj dalej<span class=\"screen-reader-text\"> \u201eOferta\u201d<\/span><\/a><\/p>\n","protected":false},"author":1,"featured_media":140,"parent":0,"menu_order":0,"comment_status":"closed","ping_status":"closed","template":"","meta":{"footnotes":""},"class_list":["post-51","page","type-page","status-publish","has-post-thumbnail","hentry"],"_links":{"self":[{"href":"https:\/\/annakrysztofiak.pl\/index.php\/wp-json\/wp\/v2\/pages\/51","targetHints":{"allow":["GET"]}}],"collection":[{"href":"https:\/\/annakrysztofiak.pl\/index.php\/wp-json\/wp\/v2\/pages"}],"about":[{"href":"https:\/\/annakrysztofiak.pl\/index.php\/wp-json\/wp\/v2\/types\/page"}],"author":[{"embeddable":true,"href":"https:\/\/annakrysztofiak.pl\/index.php\/wp-json\/wp\/v2\/users\/1"}],"replies":[{"embeddable":true,"href":"https:\/\/annakrysztofiak.pl\/index.php\/wp-json\/wp\/v2\/comments?post=51"}],"version-history":[{"count":9,"href":"https:\/\/annakrysztofiak.pl\/index.php\/wp-json\/wp\/v2\/pages\/51\/revisions"}],"predecessor-version":[{"id":243,"href":"https:\/\/annakrysztofiak.pl\/index.php\/wp-json\/wp\/v2\/pages\/51\/revisions\/243"}],"wp:featuredmedia":[{"embeddable":true,"href":"https:\/\/annakrysztofiak.pl\/index.php\/wp-json\/wp\/v2\/media\/140"}],"wp:attachment":[{"href":"https:\/\/annakrysztofiak.pl\/index.php\/wp-json\/wp\/v2\/media?parent=51"}],"curies":[{"name":"wp","href":"https:\/\/api.w.org\/{rel}","templated":true}]}}