{"id":29,"date":"2024-08-02T08:36:26","date_gmt":"2024-08-02T08:36:26","guid":{"rendered":"https:\/\/annakrysztofiak.pl\/?page_id=29"},"modified":"2024-08-02T10:04:57","modified_gmt":"2024-08-02T10:04:57","slug":"materialy","status":"publish","type":"page","link":"https:\/\/annakrysztofiak.pl\/index.php\/materialy\/","title":{"rendered":"Materia\u0142y"},"content":{"rendered":"\n<div data-wp-interactive=\"core\/file\" class=\"wp-block-file\"><object data-wp-bind--hidden=\"!state.hasPdfPreview\" hidden class=\"wp-block-file__embed\" data=\"https:\/\/annakrysztofiak.pl\/wp-content\/uploads\/2024\/08\/27.pdf\" type=\"application\/pdf\" style=\"width:100%;height:600px\" aria-label=\"Osadzone z Xiamen Express.\"><\/object><a id=\"wp-block-file--media-6def8168-df65-4bd0-ba6b-29b015837451\" href=\"https:\/\/annakrysztofiak.pl\/wp-content\/uploads\/2024\/08\/27.pdf\">Xiamen Express<\/a><a href=\"https:\/\/annakrysztofiak.pl\/wp-content\/uploads\/2024\/08\/27.pdf\" class=\"wp-block-file__button wp-element-button\" download aria-describedby=\"wp-block-file--media-6def8168-df65-4bd0-ba6b-29b015837451\">Pobierz<\/a><\/div>\n\n\n\n<div data-wp-interactive=\"core\/file\" class=\"wp-block-file\"><object data-wp-bind--hidden=\"!state.hasPdfPreview\" hidden class=\"wp-block-file__embed\" data=\"https:\/\/annakrysztofiak.pl\/wp-content\/uploads\/2024\/08\/Instrumentow-Osobliwych-Wyspy-Szczesliwe.pdf\" type=\"application\/pdf\" style=\"width:100%;height:600px\" aria-label=\"Osadzone z E-book &quot;Instrument\u00f3w Osobliwych Wyspy Szcz\u0119\u015bliwe&quot;.\"><\/object><a id=\"wp-block-file--media-6a8fbc87-2215-456a-8171-4dc695e20b71\" href=\"https:\/\/annakrysztofiak.pl\/wp-content\/uploads\/2024\/08\/Instrumentow-Osobliwych-Wyspy-Szczesliwe.pdf\">E-book &#8222;Instrument\u00f3w Osobliwych Wyspy Szcz\u0119\u015bliwe&#8221;<\/a><a href=\"https:\/\/annakrysztofiak.pl\/wp-content\/uploads\/2024\/08\/Instrumentow-Osobliwych-Wyspy-Szczesliwe.pdf\" class=\"wp-block-file__button wp-element-button\" download aria-describedby=\"wp-block-file--media-6a8fbc87-2215-456a-8171-4dc695e20b71\">Pobierz<\/a><\/div>\n\n\n\n<div data-wp-interactive=\"core\/file\" class=\"wp-block-file\"><object data-wp-bind--hidden=\"!state.hasPdfPreview\" hidden class=\"wp-block-file__embed\" data=\"https:\/\/annakrysztofiak.pl\/wp-content\/uploads\/2024\/08\/Podroz-do-Quanzhou.pdf\" type=\"application\/pdf\" style=\"width:100%;height:600px\" aria-label=\"Osadzone z Podro\u0301z\u0307 do Quanzhou.\"><\/object><a id=\"wp-block-file--media-1d519978-2f1e-4919-895a-9d32f96ef4a8\" href=\"https:\/\/annakrysztofiak.pl\/wp-content\/uploads\/2024\/08\/Podroz-do-Quanzhou.pdf\">Podro\u0301z\u0307 do Quanzhou<\/a><a href=\"https:\/\/annakrysztofiak.pl\/wp-content\/uploads\/2024\/08\/Podroz-do-Quanzhou.pdf\" class=\"wp-block-file__button wp-element-button\" download aria-describedby=\"wp-block-file--media-1d519978-2f1e-4919-895a-9d32f96ef4a8\">Pobierz<\/a><\/div>\n\n\n\n<div data-wp-interactive=\"core\/file\" class=\"wp-block-file\"><object data-wp-bind--hidden=\"!state.hasPdfPreview\" hidden class=\"wp-block-file__embed\" data=\"https:\/\/annakrysztofiak.pl\/wp-content\/uploads\/2024\/08\/Kalejdoskop1.pdf\" type=\"application\/pdf\" style=\"width:100%;height:600px\" aria-label=\"Osadzone z Wachlarz \u0142\u00f3dzki.\"><\/object><a id=\"wp-block-file--media-f362457e-b12c-4420-8876-0187ea38bbf9\" href=\"https:\/\/annakrysztofiak.pl\/wp-content\/uploads\/2024\/08\/Kalejdoskop1.pdf\">Wachlarz \u0142\u00f3dzki<\/a><a href=\"https:\/\/annakrysztofiak.pl\/wp-content\/uploads\/2024\/08\/Kalejdoskop1.pdf\" class=\"wp-block-file__button wp-element-button\" download aria-describedby=\"wp-block-file--media-f362457e-b12c-4420-8876-0187ea38bbf9\">Pobierz<\/a><\/div>\n","protected":false},"excerpt":{"rendered":"","protected":false},"author":1,"featured_media":0,"parent":0,"menu_order":0,"comment_status":"closed","ping_status":"closed","template":"","meta":{"footnotes":""},"class_list":["post-29","page","type-page","status-publish","hentry"],"_links":{"self":[{"href":"https:\/\/annakrysztofiak.pl\/index.php\/wp-json\/wp\/v2\/pages\/29","targetHints":{"allow":["GET"]}}],"collection":[{"href":"https:\/\/annakrysztofiak.pl\/index.php\/wp-json\/wp\/v2\/pages"}],"about":[{"href":"https:\/\/annakrysztofiak.pl\/index.php\/wp-json\/wp\/v2\/types\/page"}],"author":[{"embeddable":true,"href":"https:\/\/annakrysztofiak.pl\/index.php\/wp-json\/wp\/v2\/users\/1"}],"replies":[{"embeddable":true,"href":"https:\/\/annakrysztofiak.pl\/index.php\/wp-json\/wp\/v2\/comments?post=29"}],"version-history":[{"count":7,"href":"https:\/\/annakrysztofiak.pl\/index.php\/wp-json\/wp\/v2\/pages\/29\/revisions"}],"predecessor-version":[{"id":110,"href":"https:\/\/annakrysztofiak.pl\/index.php\/wp-json\/wp\/v2\/pages\/29\/revisions\/110"}],"wp:attachment":[{"href":"https:\/\/annakrysztofiak.pl\/index.php\/wp-json\/wp\/v2\/media?parent=29"}],"curies":[{"name":"wp","href":"https:\/\/api.w.org\/{rel}","templated":true}]}}