{"id":12,"date":"2024-08-02T08:34:06","date_gmt":"2024-08-02T08:34:06","guid":{"rendered":"https:\/\/annakrysztofiak.pl\/?page_id=12"},"modified":"2025-10-29T10:55:55","modified_gmt":"2025-10-29T10:55:55","slug":"biogram","status":"publish","type":"page","link":"https:\/\/annakrysztofiak.pl\/index.php\/biogram\/","title":{"rendered":"Biogram"},"content":{"rendered":"\n<p><p style=\"text-align: justify\">Anna Krysztofiak jest artystk\u0105 Ch\u00f3ru Filharmonii \u0141\u00f3dzkiej, multiinstrumentalistk\u0105 w zakresie instrument\u00f3w azjatyckich, dawnych instrument\u00f3w klawiszowych i smyczkowych oraz wokalistk\u0105 specjalizuj\u0105c\u0105 si\u0119 w tradycyjnych i historycznych technikach wokalnych.<\/br><\/br>\n\nStudia magisterskie w Katedrze Historii Sztuki Uniwersytetu \u0141\u00f3dzkiego uko\u0144czy\u0142a z \u201emedalem za chlubne studia&#8221;, a swoj\u0105 prac\u0119 magistersk\u0105 po\u015bwi\u0119ci\u0142a organom zabytkowym. Wykonuje muzyk\u0119 tradycyjn\u0105 na szeregu instrument\u00f3w chi\u0144skich, japo\u0144skich i tajwa\u0144skich, a tak\u017ce w azjatyckich stylach i technikach wokalnych.<\/br><\/br>  \n\nJest prawdopodobnie jedyn\u0105 Europejk\u0105, kt\u00f3ra w sta\u0142ym repertuarze wykonuje utwory nanguan w konserwatywnej tajwa\u0144skiej stylistyce. Zosta\u0142o to docenione przez etnomuzykolog\u00f3w i sinolog\u00f3w obecnych na mi\u0119dzynarodowej konferencji CHIME w Lizbonie w 2018 roku.<\/br><\/br>   \n\nSw\u00f3j warsztat wykonawczy kszta\u0142ci\u0142a pod kierunkiem wybitnych muzyk\u00f3w i pedagog\u00f3w w Europie, Azji i Afryce, m.in. u Marka Caudle (viola da gamba, Polska), prof. Chen Ching-yi (guqin, Tajwan), prof. Lin Po-chi (nanguan, Tajwan), prof. Kyoko Kubota (yakumogoto, Japonia), Abdou Ouardi (oud, Maroko), prof. Marka Toporowskiego (klawesyn, Polska), oraz wielu innych znakomitych muzyk\u00f3w.<\/br><\/br>\n\nW latach 2009-2010 by\u0142a organistk\u0105 parafii polskiej w Brukseli, dzia\u0142aj\u0105c przy ko\u015bciele Notre Dame de la Chapelle oraz w Leuven. W tym samym czasie odbywa\u0142a praktyk\u0119 w budownictwie organowym w pracowni Manufacture d&#8217;Orgue Patrick Collon.<\/br><\/br>   \n\nAnna Krysztofiak zosta\u0142a nagrodzona stypendiami artystycznymi i naukowymi, w tym tak\u017ce stypendium Taiwan Fellowship, w klasie muzyki nanguan na wydziale muzyki tradycyjnej w Taipei National University of the Arts, pod kierunkiem prof. Lin Po Chi.<\/br><\/br>\n\nW latach 2015-2017 by\u0142a dyrektorem artystycznym Festiwalu \u201eMuzyka w Ogrodzie Chi\u0144skim&#8221; w \u0141azienkach Kr\u00f3lewskich w Warszawie, a festiwal ten by\u0142 jej autorskim projektem. Od 2019 roku na sta\u0142e wsp\u00f3\u0142pracuje z festiwalem \u201eS\u0142owo i muzyka u jezuit\u00f3w&#8221; w ramach koncert\u00f3w i nagra\u0144 muzyki ze \u017ar\u00f3de\u0142 jezuickich oraz muzyki kolonialnej.<\/br><\/br>\n\nJest pomys\u0142odawczyni\u0105 i realizatork\u0105 spotka\u0144 muzycznych w \u0141\u00f3dzkim Domu Kultury pt. \u201eWachlarz \u0142\u00f3dzki. Interdyscyplinarne spotkania z kultur\u0105&#8221;, kt\u00f3re od 2023 roku wesz\u0142y do sta\u0142ego programu cyklicznego \u0141DK. Od 2024 roku wsp\u00f3\u0142pracuje w ramach koncert\u00f3w \u201eMuzyka na zimowy czas&#8221; z Ko\u015bcio\u0142em Ewangelicko-Reformowanym w Warszawie.<\/br><\/br>\n\nW ramach programu Taiwan Fellowship jej dzia\u0142alno\u015b\u0107 muzyczna obj\u0119ta jest sta\u0142ym patronatem tajwa\u0144skim. Jest autork\u0105 i realizatork\u0105 licznych przedsi\u0119wzi\u0119\u0107 muzycznych oraz edukacyjnych, w tym szeregu grant\u00f3w Ministra Kultury i Dziedzictwa Narodowego o charakterze edukacyjnym i popularyzatorskim.<\/br><\/br>\n\nW ramach jednego z nich napisa\u0142a ksi\u0105\u017ck\u0119 popularnonaukow\u0105 z opowie\u015bciami o instrumentach azjatyckich pt. \u201eInstrument\u00f3w Osobliwych Wyspy Szcz\u0119\u015bliwe&#8221; (ISBN: 978-83-960247-0-1), wydan\u0105 przez O\u015brodek Spraw Azjatyckich Uniwersytetu \u0141\u00f3dzkiego.<\/br><\/br>\n\nMuzyk\u0105 na instrumentach chi\u0144skich i japo\u0144skich u\u015bwietnia\u0142a wizyty dyplomat\u00f3w z Dalekiego Wschodu, b\u0119d\u0105cych go\u015b\u0107mi Rz\u0105du RP, m.in. ksi\u0119\u017cnej Hisako Takamady, a tak\u017ce podczas wizyty Przewodnicz\u0105cego Chi\u0144skiej Republiki Ludowej Xi Jinpinga. W 2025 roku zosta\u0142a odznaczona Honorow\u0105 Odznak\u0105 \u201eZas\u0142u\u017cony dla Kultury Polskiej&#8221;.  \n\n<\/br> <\/p>\n\n\n\n<figure class=\"wp-block-video\"><video height=\"406\" style=\"aspect-ratio: 720 \/ 406;\" width=\"720\" controls src=\"https:\/\/annakrysztofiak.pl\/wp-content\/uploads\/2024\/08\/cctv.mov\"><\/video><\/figure>\n\n\n\n<figure class=\"wp-block-embed is-type-video is-provider-youtube wp-block-embed-youtube wp-embed-aspect-16-9 wp-has-aspect-ratio\"><div class=\"wp-block-embed__wrapper\">\n<iframe loading=\"lazy\" title=\"Sztuka wyboru\" width=\"525\" height=\"295\" src=\"https:\/\/www.youtube.com\/embed\/bOIoFS32Bqk?feature=oembed\" frameborder=\"0\" allow=\"accelerometer; autoplay; clipboard-write; encrypted-media; gyroscope; picture-in-picture; web-share\" referrerpolicy=\"strict-origin-when-cross-origin\" allowfullscreen><\/iframe>\n<\/div><\/figure>\n","protected":false},"excerpt":{"rendered":"<p>Anna Krysztofiak jest artystk\u0105 Ch\u00f3ru Filharmonii \u0141\u00f3dzkiej, multiinstrumentalistk\u0105 w zakresie instrument\u00f3w azjatyckich, dawnych instrument\u00f3w klawiszowych i smyczkowych oraz wokalistk\u0105 specjalizuj\u0105c\u0105 si\u0119 w tradycyjnych i historycznych technikach wokalnych. Studia magisterskie w Katedrze Historii Sztuki Uniwersytetu \u0141\u00f3dzkiego uko\u0144czy\u0142a z \u201emedalem za chlubne studia&#8221;, a swoj\u0105 prac\u0119 magistersk\u0105 po\u015bwi\u0119ci\u0142a organom zabytkowym. Wykonuje muzyk\u0119 tradycyjn\u0105 na szeregu instrument\u00f3w chi\u0144skich, &hellip; <\/p>\n<p class=\"link-more\"><a href=\"https:\/\/annakrysztofiak.pl\/index.php\/biogram\/\" class=\"more-link\">Czytaj dalej<span class=\"screen-reader-text\"> \u201eBiogram\u201d<\/span><\/a><\/p>\n","protected":false},"author":1,"featured_media":139,"parent":0,"menu_order":0,"comment_status":"closed","ping_status":"closed","template":"","meta":{"footnotes":""},"class_list":["post-12","page","type-page","status-publish","has-post-thumbnail","hentry"],"_links":{"self":[{"href":"https:\/\/annakrysztofiak.pl\/index.php\/wp-json\/wp\/v2\/pages\/12","targetHints":{"allow":["GET"]}}],"collection":[{"href":"https:\/\/annakrysztofiak.pl\/index.php\/wp-json\/wp\/v2\/pages"}],"about":[{"href":"https:\/\/annakrysztofiak.pl\/index.php\/wp-json\/wp\/v2\/types\/page"}],"author":[{"embeddable":true,"href":"https:\/\/annakrysztofiak.pl\/index.php\/wp-json\/wp\/v2\/users\/1"}],"replies":[{"embeddable":true,"href":"https:\/\/annakrysztofiak.pl\/index.php\/wp-json\/wp\/v2\/comments?post=12"}],"version-history":[{"count":17,"href":"https:\/\/annakrysztofiak.pl\/index.php\/wp-json\/wp\/v2\/pages\/12\/revisions"}],"predecessor-version":[{"id":242,"href":"https:\/\/annakrysztofiak.pl\/index.php\/wp-json\/wp\/v2\/pages\/12\/revisions\/242"}],"wp:featuredmedia":[{"embeddable":true,"href":"https:\/\/annakrysztofiak.pl\/index.php\/wp-json\/wp\/v2\/media\/139"}],"wp:attachment":[{"href":"https:\/\/annakrysztofiak.pl\/index.php\/wp-json\/wp\/v2\/media?parent=12"}],"curies":[{"name":"wp","href":"https:\/\/api.w.org\/{rel}","templated":true}]}}